{"id":2715,"date":"2025-12-20T14:38:07","date_gmt":"2025-12-20T11:38:07","guid":{"rendered":"https:\/\/kazmouzgolden.com\/product\/klassik-kokosnuss\/"},"modified":"2026-01-12T12:49:43","modified_gmt":"2026-01-12T09:49:43","slug":"klassik-kokosnuss-suessigkeit","status":"publish","type":"product","link":"https:\/\/kazmouzgolden.com\/de\/produkt\/klassik-kokosnuss-suessigkeit\/","title":{"rendered":"Klassik Kokosnuss-S\u00fc\u00dfigkeit"},"content":{"rendered":"<p>Zucker \u2013 Glukosesirup \u2013 Nat\u00fcrliche Butter \u2013 Ganze Kokosnuss \u2013 Milchschokolade \u2013 Monoglyceride von Speisefetts\u00e4uren \u2013 Fl\u00fcssiges Sorbit<\/p>\n","protected":false},"excerpt":{"rendered":"<p>Zucker \u2013 Glukosesirup \u2013 Nat\u00fcrliche Butter \u2013 Ganze Kokosnuss \u2013 Milchschokolade \u2013 Monoglyceride von Speisefetts\u00e4uren \u2013 Fl\u00fcssiges Sorbit<\/p>\n","protected":false},"featured_media":2901,"comment_status":"open","ping_status":"closed","template":"","meta":[],"product_brand":[],"product_cat":[35],"product_tag":[],"class_list":{"0":"post-2715","1":"product","2":"type-product","3":"status-publish","4":"has-post-thumbnail","6":"product_cat-klassische-kokosnussbonbons","8":"first","9":"instock","10":"shipping-taxable","11":"product-type-simple"},"yoast_head":"<!-- This site is optimized with the Yoast SEO plugin v26.5 - https:\/\/yoast.com\/wordpress\/plugins\/seo\/ -->\n<title>Klassik Kokosnuss-S\u00fc\u00dfigkeit | Kazmouz Golden Tradition<\/title>\n<meta name=\"description\" content=\"Klassik Kokosnuss-S\u00fc\u00dfigkeit von Kazmouz Golden: Ein traditioneller Genuss mit nat\u00fcrlicher Butter, Vollfett-Kokosnuss und zarter Milchschokolade.\" \/>\n<meta name=\"robots\" content=\"index, follow, max-snippet:-1, max-image-preview:large, max-video-preview:-1\" \/>\n<link rel=\"canonical\" href=\"https:\/\/kazmouzgolden.com\/de\/produkt\/klassik-kokosnuss-suessigkeit\/\" \/>\n<meta property=\"og:locale\" content=\"de_DE\" \/>\n<meta property=\"og:type\" content=\"article\" \/>\n<meta property=\"og:title\" content=\"Klassik Kokosnuss-S\u00fc\u00dfigkeit | Kazmouz Golden Tradition\" \/>\n<meta property=\"og:description\" content=\"Klassik Kokosnuss-S\u00fc\u00dfigkeit von Kazmouz Golden: Ein traditioneller Genuss mit nat\u00fcrlicher Butter, Vollfett-Kokosnuss und zarter Milchschokolade.\" \/>\n<meta property=\"og:url\" content=\"https:\/\/kazmouzgolden.com\/de\/produkt\/klassik-kokosnuss-suessigkeit\/\" \/>\n<meta property=\"og:site_name\" content=\"\u062c\u0648\u0644\u062f\u0646 \u0642\u0632\u0645\u0648\u0632\" \/>\n<meta property=\"article:publisher\" content=\"https:\/\/www.facebook.com\/Golden.Kazmouz?rdid=5X8Xh5kOpo7bA31l&amp;share_url=httpswww.facebook.comshare1Dn93KumAg#\" \/>\n<meta property=\"article:modified_time\" content=\"2026-01-12T09:49:43+00:00\" \/>\n<meta property=\"og:image\" content=\"https:\/\/kazmouzgolden.com\/wp-content\/uploads\/2025\/12\/Classic-bag-2.jpg\" \/>\n\t<meta property=\"og:image:width\" content=\"800\" \/>\n\t<meta property=\"og:image:height\" content=\"800\" \/>\n\t<meta property=\"og:image:type\" content=\"image\/jpeg\" \/>\n<meta name=\"twitter:card\" content=\"summary_large_image\" \/>\n<meta name=\"twitter:label1\" content=\"Gesch\u00e4tzte Lesezeit\" \/>\n\t<meta name=\"twitter:data1\" content=\"3\u00a0Minuten\" \/>\n<script type=\"application\/ld+json\" class=\"yoast-schema-graph\">{\"@context\":\"https:\/\/schema.org\",\"@graph\":[{\"@type\":\"WebPage\",\"@id\":\"https:\/\/kazmouzgolden.com\/de\/produkt\/klassik-kokosnuss-suessigkeit\/\",\"url\":\"https:\/\/kazmouzgolden.com\/de\/produkt\/klassik-kokosnuss-suessigkeit\/\",\"name\":\"Klassik Kokosnuss-S\u00fc\u00dfigkeit | Kazmouz Golden Tradition\",\"isPartOf\":{\"@id\":\"https:\/\/kazmouzgolden.com\/de\/#website\"},\"primaryImageOfPage\":{\"@id\":\"https:\/\/kazmouzgolden.com\/de\/produkt\/klassik-kokosnuss-suessigkeit\/#primaryimage\"},\"image\":{\"@id\":\"https:\/\/kazmouzgolden.com\/de\/produkt\/klassik-kokosnuss-suessigkeit\/#primaryimage\"},\"thumbnailUrl\":\"https:\/\/kazmouzgolden.com\/wp-content\/uploads\/2025\/12\/Classic-bag-2.jpg\",\"datePublished\":\"2025-12-20T11:38:07+00:00\",\"dateModified\":\"2026-01-12T09:49:43+00:00\",\"description\":\"Klassik Kokosnuss-S\u00fc\u00dfigkeit von Kazmouz Golden: Ein traditioneller Genuss mit nat\u00fcrlicher Butter, Vollfett-Kokosnuss und zarter Milchschokolade.\",\"breadcrumb\":{\"@id\":\"https:\/\/kazmouzgolden.com\/de\/produkt\/klassik-kokosnuss-suessigkeit\/#breadcrumb\"},\"inLanguage\":\"de\",\"potentialAction\":[{\"@type\":\"ReadAction\",\"target\":[\"https:\/\/kazmouzgolden.com\/de\/produkt\/klassik-kokosnuss-suessigkeit\/\"]}]},{\"@type\":\"ImageObject\",\"inLanguage\":\"de\",\"@id\":\"https:\/\/kazmouzgolden.com\/de\/produkt\/klassik-kokosnuss-suessigkeit\/#primaryimage\",\"url\":\"https:\/\/kazmouzgolden.com\/wp-content\/uploads\/2025\/12\/Classic-bag-2.jpg\",\"contentUrl\":\"https:\/\/kazmouzgolden.com\/wp-content\/uploads\/2025\/12\/Classic-bag-2.jpg\",\"width\":800,\"height\":800,\"caption\":\"Klassische Kokosnuss-S\u00fc\u00dfigkeiten\"},{\"@type\":\"BreadcrumbList\",\"@id\":\"https:\/\/kazmouzgolden.com\/de\/produkt\/klassik-kokosnuss-suessigkeit\/#breadcrumb\",\"itemListElement\":[{\"@type\":\"ListItem\",\"position\":1,\"name\":\"Home\",\"item\":\"https:\/\/kazmouzgolden.com\/de\/\"},{\"@type\":\"ListItem\",\"position\":2,\"name\":\"Produkte\",\"item\":\"https:\/\/kazmouzgolden.com\/de\/produkte\/\"},{\"@type\":\"ListItem\",\"position\":3,\"name\":\"Klassik Kokosnuss-S\u00fc\u00dfigkeit\"}]},{\"@type\":\"WebSite\",\"@id\":\"https:\/\/kazmouzgolden.com\/de\/#website\",\"url\":\"https:\/\/kazmouzgolden.com\/de\/\",\"name\":\"\u062c\u0648\u0644\u062f\u0646 \u0642\u0632\u0645\u0648\u0632\",\"description\":\"\u0627\u0644\u0631\u0627\u0626\u062f\u0629 \u0641\u064a \u0635\u0646\u0627\u0639\u0629 \u062d\u0644\u0648\u0649 \u062c\u0648\u0632 \u0627\u0644\u0647\u0646\u062f \u0641\u064a \u0633\u0648\u0631\u064a\u0627 \u0648\u0627\u0644\u0634\u0631\u0642 \u0627\u0644\u0623\u0648\u0633\u0637\",\"publisher\":{\"@id\":\"https:\/\/kazmouzgolden.com\/de\/#organization\"},\"alternateName\":\"\u062c\u0648\u0644\u062f\u0646 \u0642\u0632\u0645\u0648\u0632\",\"potentialAction\":[{\"@type\":\"SearchAction\",\"target\":{\"@type\":\"EntryPoint\",\"urlTemplate\":\"https:\/\/kazmouzgolden.com\/de\/?s={search_term_string}\"},\"query-input\":{\"@type\":\"PropertyValueSpecification\",\"valueRequired\":true,\"valueName\":\"search_term_string\"}}],\"inLanguage\":\"de\"},{\"@type\":\"Organization\",\"@id\":\"https:\/\/kazmouzgolden.com\/de\/#organization\",\"name\":\"Golden Kazmouz\",\"alternateName\":\"Golden Kazmouz\",\"url\":\"https:\/\/kazmouzgolden.com\/de\/\",\"logo\":{\"@type\":\"ImageObject\",\"inLanguage\":\"de\",\"@id\":\"https:\/\/kazmouzgolden.com\/de\/#\/schema\/logo\/image\/\",\"url\":\"https:\/\/kazmouzgolden.com\/wp-content\/uploads\/2026\/01\/organization-logo.jpg\",\"contentUrl\":\"https:\/\/kazmouzgolden.com\/wp-content\/uploads\/2026\/01\/organization-logo.jpg\",\"width\":696,\"height\":696,\"caption\":\"Golden Kazmouz\"},\"image\":{\"@id\":\"https:\/\/kazmouzgolden.com\/de\/#\/schema\/logo\/image\/\"},\"sameAs\":[\"https:\/\/www.facebook.com\/Golden.Kazmouz?rdid=5X8Xh5kOpo7bA31l&share_url=httpswww.facebook.comshare1Dn93KumAg#\",\"https:\/\/www.instagram.com\/kazmouz_golden\/\"]}]}<\/script>\n<!-- \/ Yoast SEO plugin. -->","yoast_head_json":{"title":"Klassik Kokosnuss-S\u00fc\u00dfigkeit | Kazmouz Golden Tradition","description":"Klassik Kokosnuss-S\u00fc\u00dfigkeit von Kazmouz Golden: Ein traditioneller Genuss mit nat\u00fcrlicher Butter, Vollfett-Kokosnuss und zarter Milchschokolade.","robots":{"index":"index","follow":"follow","max-snippet":"max-snippet:-1","max-image-preview":"max-image-preview:large","max-video-preview":"max-video-preview:-1"},"canonical":"https:\/\/kazmouzgolden.com\/de\/produkt\/klassik-kokosnuss-suessigkeit\/","og_locale":"de_DE","og_type":"article","og_title":"Klassik Kokosnuss-S\u00fc\u00dfigkeit | Kazmouz Golden Tradition","og_description":"Klassik Kokosnuss-S\u00fc\u00dfigkeit von Kazmouz Golden: Ein traditioneller Genuss mit nat\u00fcrlicher Butter, Vollfett-Kokosnuss und zarter Milchschokolade.","og_url":"https:\/\/kazmouzgolden.com\/de\/produkt\/klassik-kokosnuss-suessigkeit\/","og_site_name":"\u062c\u0648\u0644\u062f\u0646 \u0642\u0632\u0645\u0648\u0632","article_publisher":"https:\/\/www.facebook.com\/Golden.Kazmouz?rdid=5X8Xh5kOpo7bA31l&share_url=httpswww.facebook.comshare1Dn93KumAg#","article_modified_time":"2026-01-12T09:49:43+00:00","og_image":[{"width":800,"height":800,"url":"https:\/\/kazmouzgolden.com\/wp-content\/uploads\/2025\/12\/Classic-bag-2.jpg","type":"image\/jpeg"}],"twitter_card":"summary_large_image","twitter_misc":{"Gesch\u00e4tzte Lesezeit":"3\u00a0Minuten"},"schema":{"@context":"https:\/\/schema.org","@graph":[{"@type":"WebPage","@id":"https:\/\/kazmouzgolden.com\/de\/produkt\/klassik-kokosnuss-suessigkeit\/","url":"https:\/\/kazmouzgolden.com\/de\/produkt\/klassik-kokosnuss-suessigkeit\/","name":"Klassik Kokosnuss-S\u00fc\u00dfigkeit | Kazmouz Golden Tradition","isPartOf":{"@id":"https:\/\/kazmouzgolden.com\/de\/#website"},"primaryImageOfPage":{"@id":"https:\/\/kazmouzgolden.com\/de\/produkt\/klassik-kokosnuss-suessigkeit\/#primaryimage"},"image":{"@id":"https:\/\/kazmouzgolden.com\/de\/produkt\/klassik-kokosnuss-suessigkeit\/#primaryimage"},"thumbnailUrl":"https:\/\/kazmouzgolden.com\/wp-content\/uploads\/2025\/12\/Classic-bag-2.jpg","datePublished":"2025-12-20T11:38:07+00:00","dateModified":"2026-01-12T09:49:43+00:00","description":"Klassik Kokosnuss-S\u00fc\u00dfigkeit von Kazmouz Golden: Ein traditioneller Genuss mit nat\u00fcrlicher Butter, Vollfett-Kokosnuss und zarter Milchschokolade.","breadcrumb":{"@id":"https:\/\/kazmouzgolden.com\/de\/produkt\/klassik-kokosnuss-suessigkeit\/#breadcrumb"},"inLanguage":"de","potentialAction":[{"@type":"ReadAction","target":["https:\/\/kazmouzgolden.com\/de\/produkt\/klassik-kokosnuss-suessigkeit\/"]}]},{"@type":"ImageObject","inLanguage":"de","@id":"https:\/\/kazmouzgolden.com\/de\/produkt\/klassik-kokosnuss-suessigkeit\/#primaryimage","url":"https:\/\/kazmouzgolden.com\/wp-content\/uploads\/2025\/12\/Classic-bag-2.jpg","contentUrl":"https:\/\/kazmouzgolden.com\/wp-content\/uploads\/2025\/12\/Classic-bag-2.jpg","width":800,"height":800,"caption":"Klassische Kokosnuss-S\u00fc\u00dfigkeiten"},{"@type":"BreadcrumbList","@id":"https:\/\/kazmouzgolden.com\/de\/produkt\/klassik-kokosnuss-suessigkeit\/#breadcrumb","itemListElement":[{"@type":"ListItem","position":1,"name":"Home","item":"https:\/\/kazmouzgolden.com\/de\/"},{"@type":"ListItem","position":2,"name":"Produkte","item":"https:\/\/kazmouzgolden.com\/de\/produkte\/"},{"@type":"ListItem","position":3,"name":"Klassik Kokosnuss-S\u00fc\u00dfigkeit"}]},{"@type":"WebSite","@id":"https:\/\/kazmouzgolden.com\/de\/#website","url":"https:\/\/kazmouzgolden.com\/de\/","name":"\u062c\u0648\u0644\u062f\u0646 \u0642\u0632\u0645\u0648\u0632","description":"\u0627\u0644\u0631\u0627\u0626\u062f\u0629 \u0641\u064a \u0635\u0646\u0627\u0639\u0629 \u062d\u0644\u0648\u0649 \u062c\u0648\u0632 \u0627\u0644\u0647\u0646\u062f \u0641\u064a \u0633\u0648\u0631\u064a\u0627 \u0648\u0627\u0644\u0634\u0631\u0642 \u0627\u0644\u0623\u0648\u0633\u0637","publisher":{"@id":"https:\/\/kazmouzgolden.com\/de\/#organization"},"alternateName":"\u062c\u0648\u0644\u062f\u0646 \u0642\u0632\u0645\u0648\u0632","potentialAction":[{"@type":"SearchAction","target":{"@type":"EntryPoint","urlTemplate":"https:\/\/kazmouzgolden.com\/de\/?s={search_term_string}"},"query-input":{"@type":"PropertyValueSpecification","valueRequired":true,"valueName":"search_term_string"}}],"inLanguage":"de"},{"@type":"Organization","@id":"https:\/\/kazmouzgolden.com\/de\/#organization","name":"Golden Kazmouz","alternateName":"Golden Kazmouz","url":"https:\/\/kazmouzgolden.com\/de\/","logo":{"@type":"ImageObject","inLanguage":"de","@id":"https:\/\/kazmouzgolden.com\/de\/#\/schema\/logo\/image\/","url":"https:\/\/kazmouzgolden.com\/wp-content\/uploads\/2026\/01\/organization-logo.jpg","contentUrl":"https:\/\/kazmouzgolden.com\/wp-content\/uploads\/2026\/01\/organization-logo.jpg","width":696,"height":696,"caption":"Golden Kazmouz"},"image":{"@id":"https:\/\/kazmouzgolden.com\/de\/#\/schema\/logo\/image\/"},"sameAs":["https:\/\/www.facebook.com\/Golden.Kazmouz?rdid=5X8Xh5kOpo7bA31l&share_url=httpswww.facebook.comshare1Dn93KumAg#","https:\/\/www.instagram.com\/kazmouz_golden\/"]}]}},"_links":{"self":[{"href":"https:\/\/kazmouzgolden.com\/de\/wp-json\/wp\/v2\/product\/2715","targetHints":{"allow":["GET"]}}],"collection":[{"href":"https:\/\/kazmouzgolden.com\/de\/wp-json\/wp\/v2\/product"}],"about":[{"href":"https:\/\/kazmouzgolden.com\/de\/wp-json\/wp\/v2\/types\/product"}],"replies":[{"embeddable":true,"href":"https:\/\/kazmouzgolden.com\/de\/wp-json\/wp\/v2\/comments?post=2715"}],"wp:featuredmedia":[{"embeddable":true,"href":"https:\/\/kazmouzgolden.com\/de\/wp-json\/wp\/v2\/media\/2901"}],"wp:attachment":[{"href":"https:\/\/kazmouzgolden.com\/de\/wp-json\/wp\/v2\/media?parent=2715"}],"wp:term":[{"taxonomy":"product_brand","embeddable":true,"href":"https:\/\/kazmouzgolden.com\/de\/wp-json\/wp\/v2\/product_brand?post=2715"},{"taxonomy":"product_cat","embeddable":true,"href":"https:\/\/kazmouzgolden.com\/de\/wp-json\/wp\/v2\/product_cat?post=2715"},{"taxonomy":"product_tag","embeddable":true,"href":"https:\/\/kazmouzgolden.com\/de\/wp-json\/wp\/v2\/product_tag?post=2715"}],"curies":[{"name":"wp","href":"https:\/\/api.w.org\/{rel}","templated":true}]}}