{"id":4350,"date":"2026-01-13T13:12:00","date_gmt":"2026-01-13T10:12:00","guid":{"rendered":"https:\/\/kazmouzgolden.com\/product\/ein-klassisches-kokosnuss-dessert\/"},"modified":"2026-01-13T13:12:00","modified_gmt":"2026-01-13T10:12:00","slug":"ein-klassisches-kokosnuss-dessert","status":"publish","type":"product","link":"https:\/\/kazmouzgolden.com\/de\/produkt\/ein-klassisches-kokosnuss-dessert\/","title":{"rendered":"Ein klassisches Kokosnuss-Dessert"},"content":{"rendered":"<p>Zucker &#8211; Glukosesirup &#8211; nat\u00fcrliche Butter &#8211; Kokosnuss mit mittlerem Fettgehalt &#8211; Milchschokolade &#8211; Monoglycerid &#8211; fl\u00fcssiges Sorbitol<\/p>\n","protected":false},"excerpt":{"rendered":"<p>Zucker &#8211; Glukosesirup &#8211; nat\u00fcrliche Butter &#8211; Kokosnuss mit mittlerem Fettgehalt &#8211; Milchschokolade &#8211; Monoglycerid &#8211; fl\u00fcssiges Sorbitol<\/p>\n","protected":false},"featured_media":2911,"comment_status":"open","ping_status":"closed","template":"","meta":[],"product_brand":[],"product_cat":[35],"product_tag":[],"class_list":{"0":"post-4350","1":"product","2":"type-product","3":"status-publish","4":"has-post-thumbnail","6":"product_cat-klassische-kokosnussbonbons","8":"first","9":"instock","10":"shipping-taxable","11":"product-type-simple"},"yoast_head":"<!-- This site is optimized with the Yoast SEO plugin v26.5 - https:\/\/yoast.com\/wordpress\/plugins\/seo\/ -->\n<title>Kazmoz Golden&#039;s Classic Coconut Candy - ein authentischer klassischer Geschmack<\/title>\n<meta name=\"description\" content=\"Genie\u00dfen Sie die Authentizit\u00e4t des klassischen Kokosnussdesserts von Kazmouz Golden. Hergestellt mit nat\u00fcrlicher Butter, mittelfetter Kokosnuss und luxuri\u00f6ser Milchschokolade in traditioneller syrischer Qualit\u00e4t.\" \/>\n<meta name=\"robots\" content=\"index, follow, max-snippet:-1, max-image-preview:large, max-video-preview:-1\" \/>\n<link rel=\"canonical\" href=\"https:\/\/kazmouzgolden.com\/de\/produkt\/ein-klassisches-kokosnuss-dessert\/\" \/>\n<meta property=\"og:locale\" content=\"de_DE\" \/>\n<meta property=\"og:type\" content=\"article\" \/>\n<meta property=\"og:title\" content=\"Kazmoz Golden&#039;s Classic Coconut Candy - ein authentischer klassischer Geschmack\" \/>\n<meta property=\"og:description\" content=\"Genie\u00dfen Sie die Authentizit\u00e4t des klassischen Kokosnussdesserts von Kazmouz Golden. Hergestellt mit nat\u00fcrlicher Butter, mittelfetter Kokosnuss und luxuri\u00f6ser Milchschokolade in traditioneller syrischer Qualit\u00e4t.\" \/>\n<meta property=\"og:url\" content=\"https:\/\/kazmouzgolden.com\/de\/produkt\/ein-klassisches-kokosnuss-dessert\/\" \/>\n<meta property=\"og:site_name\" content=\"\u062c\u0648\u0644\u062f\u0646 \u0642\u0632\u0645\u0648\u0632\" \/>\n<meta property=\"article:publisher\" content=\"https:\/\/www.facebook.com\/Golden.Kazmouz?rdid=5X8Xh5kOpo7bA31l&amp;share_url=httpswww.facebook.comshare1Dn93KumAg#\" \/>\n<meta property=\"og:image\" content=\"https:\/\/kazmouzgolden.com\/wp-content\/uploads\/2025\/12\/New-Kazmouz-Golden.jpg\" \/>\n\t<meta property=\"og:image:width\" content=\"800\" \/>\n\t<meta property=\"og:image:height\" content=\"800\" \/>\n\t<meta property=\"og:image:type\" content=\"image\/jpeg\" \/>\n<meta name=\"twitter:card\" content=\"summary_large_image\" \/>\n<script type=\"application\/ld+json\" class=\"yoast-schema-graph\">{\"@context\":\"https:\/\/schema.org\",\"@graph\":[{\"@type\":\"WebPage\",\"@id\":\"https:\/\/kazmouzgolden.com\/de\/produkt\/ein-klassisches-kokosnuss-dessert\/\",\"url\":\"https:\/\/kazmouzgolden.com\/de\/produkt\/ein-klassisches-kokosnuss-dessert\/\",\"name\":\"Kazmoz Golden's Classic Coconut Candy - ein authentischer klassischer Geschmack\",\"isPartOf\":{\"@id\":\"https:\/\/kazmouzgolden.com\/de\/#website\"},\"primaryImageOfPage\":{\"@id\":\"https:\/\/kazmouzgolden.com\/de\/produkt\/ein-klassisches-kokosnuss-dessert\/#primaryimage\"},\"image\":{\"@id\":\"https:\/\/kazmouzgolden.com\/de\/produkt\/ein-klassisches-kokosnuss-dessert\/#primaryimage\"},\"thumbnailUrl\":\"https:\/\/kazmouzgolden.com\/wp-content\/uploads\/2025\/12\/New-Kazmouz-Golden.jpg\",\"datePublished\":\"2026-01-13T10:12:00+00:00\",\"description\":\"Genie\u00dfen Sie die Authentizit\u00e4t des klassischen Kokosnussdesserts von Kazmouz Golden. Hergestellt mit nat\u00fcrlicher Butter, mittelfetter Kokosnuss und luxuri\u00f6ser Milchschokolade in traditioneller syrischer Qualit\u00e4t.\",\"breadcrumb\":{\"@id\":\"https:\/\/kazmouzgolden.com\/de\/produkt\/ein-klassisches-kokosnuss-dessert\/#breadcrumb\"},\"inLanguage\":\"de\",\"potentialAction\":[{\"@type\":\"ReadAction\",\"target\":[\"https:\/\/kazmouzgolden.com\/de\/produkt\/ein-klassisches-kokosnuss-dessert\/\"]}]},{\"@type\":\"ImageObject\",\"inLanguage\":\"de\",\"@id\":\"https:\/\/kazmouzgolden.com\/de\/produkt\/ein-klassisches-kokosnuss-dessert\/#primaryimage\",\"url\":\"https:\/\/kazmouzgolden.com\/wp-content\/uploads\/2025\/12\/New-Kazmouz-Golden.jpg\",\"contentUrl\":\"https:\/\/kazmouzgolden.com\/wp-content\/uploads\/2025\/12\/New-Kazmouz-Golden.jpg\",\"width\":800,\"height\":800,\"caption\":\"Ein klassisches Kokosnussdessert\"},{\"@type\":\"BreadcrumbList\",\"@id\":\"https:\/\/kazmouzgolden.com\/de\/produkt\/ein-klassisches-kokosnuss-dessert\/#breadcrumb\",\"itemListElement\":[{\"@type\":\"ListItem\",\"position\":1,\"name\":\"Home\",\"item\":\"https:\/\/kazmouzgolden.com\/de\/\"},{\"@type\":\"ListItem\",\"position\":2,\"name\":\"Produkte\",\"item\":\"https:\/\/kazmouzgolden.com\/de\/produkte\/\"},{\"@type\":\"ListItem\",\"position\":3,\"name\":\"Ein klassisches Kokosnuss-Dessert\"}]},{\"@type\":\"WebSite\",\"@id\":\"https:\/\/kazmouzgolden.com\/de\/#website\",\"url\":\"https:\/\/kazmouzgolden.com\/de\/\",\"name\":\"\u062c\u0648\u0644\u062f\u0646 \u0642\u0632\u0645\u0648\u0632\",\"description\":\"\u0627\u0644\u0631\u0627\u0626\u062f\u0629 \u0641\u064a \u0635\u0646\u0627\u0639\u0629 \u062d\u0644\u0648\u0649 \u062c\u0648\u0632 \u0627\u0644\u0647\u0646\u062f \u0641\u064a \u0633\u0648\u0631\u064a\u0627 \u0648\u0627\u0644\u0634\u0631\u0642 \u0627\u0644\u0623\u0648\u0633\u0637\",\"publisher\":{\"@id\":\"https:\/\/kazmouzgolden.com\/de\/#organization\"},\"alternateName\":\"\u062c\u0648\u0644\u062f\u0646 \u0642\u0632\u0645\u0648\u0632\",\"potentialAction\":[{\"@type\":\"SearchAction\",\"target\":{\"@type\":\"EntryPoint\",\"urlTemplate\":\"https:\/\/kazmouzgolden.com\/de\/?s={search_term_string}\"},\"query-input\":{\"@type\":\"PropertyValueSpecification\",\"valueRequired\":true,\"valueName\":\"search_term_string\"}}],\"inLanguage\":\"de\"},{\"@type\":\"Organization\",\"@id\":\"https:\/\/kazmouzgolden.com\/de\/#organization\",\"name\":\"Golden Kazmouz\",\"alternateName\":\"Golden Kazmouz\",\"url\":\"https:\/\/kazmouzgolden.com\/de\/\",\"logo\":{\"@type\":\"ImageObject\",\"inLanguage\":\"de\",\"@id\":\"https:\/\/kazmouzgolden.com\/de\/#\/schema\/logo\/image\/\",\"url\":\"https:\/\/kazmouzgolden.com\/wp-content\/uploads\/2026\/01\/organization-logo.jpg\",\"contentUrl\":\"https:\/\/kazmouzgolden.com\/wp-content\/uploads\/2026\/01\/organization-logo.jpg\",\"width\":696,\"height\":696,\"caption\":\"Golden Kazmouz\"},\"image\":{\"@id\":\"https:\/\/kazmouzgolden.com\/de\/#\/schema\/logo\/image\/\"},\"sameAs\":[\"https:\/\/www.facebook.com\/Golden.Kazmouz?rdid=5X8Xh5kOpo7bA31l&share_url=httpswww.facebook.comshare1Dn93KumAg#\",\"https:\/\/www.instagram.com\/kazmouz_golden\/\"]}]}<\/script>\n<!-- \/ Yoast SEO plugin. -->","yoast_head_json":{"title":"Kazmoz Golden's Classic Coconut Candy - ein authentischer klassischer Geschmack","description":"Genie\u00dfen Sie die Authentizit\u00e4t des klassischen Kokosnussdesserts von Kazmouz Golden. Hergestellt mit nat\u00fcrlicher Butter, mittelfetter Kokosnuss und luxuri\u00f6ser Milchschokolade in traditioneller syrischer Qualit\u00e4t.","robots":{"index":"index","follow":"follow","max-snippet":"max-snippet:-1","max-image-preview":"max-image-preview:large","max-video-preview":"max-video-preview:-1"},"canonical":"https:\/\/kazmouzgolden.com\/de\/produkt\/ein-klassisches-kokosnuss-dessert\/","og_locale":"de_DE","og_type":"article","og_title":"Kazmoz Golden's Classic Coconut Candy - ein authentischer klassischer Geschmack","og_description":"Genie\u00dfen Sie die Authentizit\u00e4t des klassischen Kokosnussdesserts von Kazmouz Golden. Hergestellt mit nat\u00fcrlicher Butter, mittelfetter Kokosnuss und luxuri\u00f6ser Milchschokolade in traditioneller syrischer Qualit\u00e4t.","og_url":"https:\/\/kazmouzgolden.com\/de\/produkt\/ein-klassisches-kokosnuss-dessert\/","og_site_name":"\u062c\u0648\u0644\u062f\u0646 \u0642\u0632\u0645\u0648\u0632","article_publisher":"https:\/\/www.facebook.com\/Golden.Kazmouz?rdid=5X8Xh5kOpo7bA31l&share_url=httpswww.facebook.comshare1Dn93KumAg#","og_image":[{"width":800,"height":800,"url":"https:\/\/kazmouzgolden.com\/wp-content\/uploads\/2025\/12\/New-Kazmouz-Golden.jpg","type":"image\/jpeg"}],"twitter_card":"summary_large_image","schema":{"@context":"https:\/\/schema.org","@graph":[{"@type":"WebPage","@id":"https:\/\/kazmouzgolden.com\/de\/produkt\/ein-klassisches-kokosnuss-dessert\/","url":"https:\/\/kazmouzgolden.com\/de\/produkt\/ein-klassisches-kokosnuss-dessert\/","name":"Kazmoz Golden's Classic Coconut Candy - ein authentischer klassischer Geschmack","isPartOf":{"@id":"https:\/\/kazmouzgolden.com\/de\/#website"},"primaryImageOfPage":{"@id":"https:\/\/kazmouzgolden.com\/de\/produkt\/ein-klassisches-kokosnuss-dessert\/#primaryimage"},"image":{"@id":"https:\/\/kazmouzgolden.com\/de\/produkt\/ein-klassisches-kokosnuss-dessert\/#primaryimage"},"thumbnailUrl":"https:\/\/kazmouzgolden.com\/wp-content\/uploads\/2025\/12\/New-Kazmouz-Golden.jpg","datePublished":"2026-01-13T10:12:00+00:00","description":"Genie\u00dfen Sie die Authentizit\u00e4t des klassischen Kokosnussdesserts von Kazmouz Golden. Hergestellt mit nat\u00fcrlicher Butter, mittelfetter Kokosnuss und luxuri\u00f6ser Milchschokolade in traditioneller syrischer Qualit\u00e4t.","breadcrumb":{"@id":"https:\/\/kazmouzgolden.com\/de\/produkt\/ein-klassisches-kokosnuss-dessert\/#breadcrumb"},"inLanguage":"de","potentialAction":[{"@type":"ReadAction","target":["https:\/\/kazmouzgolden.com\/de\/produkt\/ein-klassisches-kokosnuss-dessert\/"]}]},{"@type":"ImageObject","inLanguage":"de","@id":"https:\/\/kazmouzgolden.com\/de\/produkt\/ein-klassisches-kokosnuss-dessert\/#primaryimage","url":"https:\/\/kazmouzgolden.com\/wp-content\/uploads\/2025\/12\/New-Kazmouz-Golden.jpg","contentUrl":"https:\/\/kazmouzgolden.com\/wp-content\/uploads\/2025\/12\/New-Kazmouz-Golden.jpg","width":800,"height":800,"caption":"Ein klassisches Kokosnussdessert"},{"@type":"BreadcrumbList","@id":"https:\/\/kazmouzgolden.com\/de\/produkt\/ein-klassisches-kokosnuss-dessert\/#breadcrumb","itemListElement":[{"@type":"ListItem","position":1,"name":"Home","item":"https:\/\/kazmouzgolden.com\/de\/"},{"@type":"ListItem","position":2,"name":"Produkte","item":"https:\/\/kazmouzgolden.com\/de\/produkte\/"},{"@type":"ListItem","position":3,"name":"Ein klassisches Kokosnuss-Dessert"}]},{"@type":"WebSite","@id":"https:\/\/kazmouzgolden.com\/de\/#website","url":"https:\/\/kazmouzgolden.com\/de\/","name":"\u062c\u0648\u0644\u062f\u0646 \u0642\u0632\u0645\u0648\u0632","description":"\u0627\u0644\u0631\u0627\u0626\u062f\u0629 \u0641\u064a \u0635\u0646\u0627\u0639\u0629 \u062d\u0644\u0648\u0649 \u062c\u0648\u0632 \u0627\u0644\u0647\u0646\u062f \u0641\u064a \u0633\u0648\u0631\u064a\u0627 \u0648\u0627\u0644\u0634\u0631\u0642 \u0627\u0644\u0623\u0648\u0633\u0637","publisher":{"@id":"https:\/\/kazmouzgolden.com\/de\/#organization"},"alternateName":"\u062c\u0648\u0644\u062f\u0646 \u0642\u0632\u0645\u0648\u0632","potentialAction":[{"@type":"SearchAction","target":{"@type":"EntryPoint","urlTemplate":"https:\/\/kazmouzgolden.com\/de\/?s={search_term_string}"},"query-input":{"@type":"PropertyValueSpecification","valueRequired":true,"valueName":"search_term_string"}}],"inLanguage":"de"},{"@type":"Organization","@id":"https:\/\/kazmouzgolden.com\/de\/#organization","name":"Golden Kazmouz","alternateName":"Golden Kazmouz","url":"https:\/\/kazmouzgolden.com\/de\/","logo":{"@type":"ImageObject","inLanguage":"de","@id":"https:\/\/kazmouzgolden.com\/de\/#\/schema\/logo\/image\/","url":"https:\/\/kazmouzgolden.com\/wp-content\/uploads\/2026\/01\/organization-logo.jpg","contentUrl":"https:\/\/kazmouzgolden.com\/wp-content\/uploads\/2026\/01\/organization-logo.jpg","width":696,"height":696,"caption":"Golden Kazmouz"},"image":{"@id":"https:\/\/kazmouzgolden.com\/de\/#\/schema\/logo\/image\/"},"sameAs":["https:\/\/www.facebook.com\/Golden.Kazmouz?rdid=5X8Xh5kOpo7bA31l&share_url=httpswww.facebook.comshare1Dn93KumAg#","https:\/\/www.instagram.com\/kazmouz_golden\/"]}]}},"_links":{"self":[{"href":"https:\/\/kazmouzgolden.com\/de\/wp-json\/wp\/v2\/product\/4350","targetHints":{"allow":["GET"]}}],"collection":[{"href":"https:\/\/kazmouzgolden.com\/de\/wp-json\/wp\/v2\/product"}],"about":[{"href":"https:\/\/kazmouzgolden.com\/de\/wp-json\/wp\/v2\/types\/product"}],"replies":[{"embeddable":true,"href":"https:\/\/kazmouzgolden.com\/de\/wp-json\/wp\/v2\/comments?post=4350"}],"wp:featuredmedia":[{"embeddable":true,"href":"https:\/\/kazmouzgolden.com\/de\/wp-json\/wp\/v2\/media\/2911"}],"wp:attachment":[{"href":"https:\/\/kazmouzgolden.com\/de\/wp-json\/wp\/v2\/media?parent=4350"}],"wp:term":[{"taxonomy":"product_brand","embeddable":true,"href":"https:\/\/kazmouzgolden.com\/de\/wp-json\/wp\/v2\/product_brand?post=4350"},{"taxonomy":"product_cat","embeddable":true,"href":"https:\/\/kazmouzgolden.com\/de\/wp-json\/wp\/v2\/product_cat?post=4350"},{"taxonomy":"product_tag","embeddable":true,"href":"https:\/\/kazmouzgolden.com\/de\/wp-json\/wp\/v2\/product_tag?post=4350"}],"curies":[{"name":"wp","href":"https:\/\/api.w.org\/{rel}","templated":true}]}}